{"id":10776,"date":"2023-05-25T08:51:49","date_gmt":"2023-05-25T08:51:49","guid":{"rendered":"https:\/\/espaisindustrials.es\/avis-legal\/"},"modified":"2023-05-25T09:26:04","modified_gmt":"2023-05-25T09:26:04","slug":"avis-legal","status":"publish","type":"page","link":"https:\/\/espaisindustrials.es\/ca\/avis-legal\/","title":{"rendered":"Av\u00eds Legal"},"content":{"rendered":"\n<h4 class=\"wp-block-heading\">Qui \u00e9s el responsable del tractament de les teves dades personals?<\/h4>\n\n<p>G.H.F. Real State S.L \u00e9s el responsable del tractament de les dades personals que vost\u00e8 ens proporciona i es responsabilitza de les referides dades personals d\u2019acord amb la normativa aplicable en mat\u00e8ria de protecci\u00f3 de dades.<br\/>G.H.F. Real State amb domicili social a Av. Barcelona 88, esc. A 1.\u00ba 2\u00aa Igualada, Espa\u00f1a; amb CIF n\u00famero B65982662.<br\/>E-mail de contacte gloriahoms@espaisindustrials.es.<\/p>\n\n<h4 class=\"wp-block-heading\">On emmagatzemem les seves dades?<\/h4>\n\n<p>Les dades que recopilem sobre vost\u00e8 s\u2019emmagatzemen dins de l\u2019Espai Econ\u00f2mic Europeu (\u00abEEE\u00bb).<br\/>Qualsevol transfer\u00e8ncia de les seves dades personals ser\u00e0 realitzada de conformitat amb les lleis aplicables.<\/p>\n\n<h4 class=\"wp-block-heading\">A qui comuniquem les seves dades?<\/h4>\n\n<p>Les seves dades poden ser compartides per l\u2019empresa de G.H.F. Real State S.L. Mai passem, venem ni intercanviem les seves dades personals amb terceres parts. Les dades que s\u2019envi\u00efn a tercers, s\u2019utilitzaran \u00fanicament per oferir-li a vost\u00e8 els nostres serveis. Li detallarem les categories de tercers que accedeixen a les seves dades per a cada activitat de tractament espec\u00edfica.<\/p>\n\n<h4 class=\"wp-block-heading\">Quina \u00e9s la base legal per al tractament de les seves dades personals?<\/h4>\n\n<p>En cada tractament espec\u00edfic de dades personals recopilades sobre vost\u00e8, li informarem si la comunicaci\u00f3 de dades personals \u00e9s un requisit legal o contractual, o un requisit necessari per subscriure un contracte, i si est\u00e0 obligat a facilitar les dades personals, aix\u00ed com de les possibles conseq\u00fc\u00e8ncies de no facilitar tals dades.<\/p>\n\n<h4 class=\"wp-block-heading\">Quins s\u00f3n els seus drets?<\/h4>\n\n<p><strong>Dret d\u2019acc\u00e9s:<\/strong><br\/>Qualsevol persona t\u00e9 dret a obtenir confirmaci\u00f3 sobre si a G.H.F. Real State S.L<br\/>estem tractant dades personals que els concerneixin, o no. Pot contactar a gloriahoms@espaisindustrials.es que li remetr\u00e0 les dades personals que tractem sobre vost\u00e8 per email.<br\/><strong>Dret de portabilitat:<\/strong><br\/>Sempre que G.H.F. Real State S.L processi les seves dades personals a trav\u00e9s de mitjans automatitzats sobre la base del seu consentiment o a un acord, vost\u00e8 t\u00e9 dret a obtenir una c\u00f2pia de les seves dades en un format estructurat, d\u2019\u00fas com\u00fa i lectura mec\u00e0nica transferida al seu nom o a un tercer. En ella s\u2019inclouran \u00fanicament les dades personals que vost\u00e8 ens hagi facilitat<br\/><strong>Dret de rectificaci\u00f3:<\/strong><br\/>Vost\u00e8 t\u00e9 dret a sol\u00b7licitar la rectificaci\u00f3 de les seves dades personals si s\u00f3n inexactes, incloent el dret a completar dades que figurin incomplets.<br\/><strong>Dret de supressi\u00f3:<\/strong><br\/>Vost\u00e8 t\u00e9 dret a obtenir sense dilaci\u00f3 indeguda la supressi\u00f3 de qualsevol dada personal seva tractada per G.H.F. Real State S.L en qualsevol moment, excepte en les seg\u00fcents situacions:<br\/>* t\u00e9 un deute pendent amb G.H.F. Real State S.L, independentment del m\u00e8tode de pagament.<br\/>* se sospita o est\u00e0 confirmat que ha utilitzat incorrectament els nostres serveis en els \u00faltims quatre anys.<br\/>* ha contractat algun servei pel que conservarem les seves dades personals en relaci\u00f3 amb la transacci\u00f3 per normativa comptable.<br\/><strong>Dret d\u2019oposici\u00f3 al tractament de dades en base a l\u2019inter\u00e8s leg\u00edtim:<\/strong><br\/>Vost\u00e8 t\u00e9 dret a oposar-se al tractament de les seves dades personals sobre la base de l\u2019inter\u00e8s leg\u00edtim de G.H.F. Real State S.L. G.H.F. Real State S.L no seguir\u00e0 tractant les dades personals tret que puguem acreditar motius leg\u00edtims imperiosos per al tractament que prevalguin sobre els seus interessos, drets i<br\/>llibertats, o b\u00e9 per a la formulaci\u00f3, l\u2019exercici o la defensa de reclamacions.<br\/><strong>Dret d\u2019oposici\u00f3 al marketing directe:<\/strong><br\/>Vost\u00e8 t\u00e9 dret a oposar-se al m\u00e0rqueting directe, incloent l\u2019elaboraci\u00f3 de perfils realitzada per a aquest m\u00e0rqueting directe.<br\/>Pot desvincular-se del m\u00e0rqueting directe en qualsevol moment de les seg\u00fcents maneres:<br\/>seguint les indicacions facilitades a cada correu de m\u00e0rqueting.<br\/>Dret a presentar una reclamaci\u00f3 davant d\u2019una autoritat de control:<br\/>Si vost\u00e8 considera que G.H.F. Real State S.L tracta les seves dades d\u2019una manera incorrecta, pot contactar amb nosaltres. Tamb\u00e9 t\u00e9 dret a presentar una queixa davant l\u2019autoritat de protecci\u00f3 de dades competent.<br\/><strong>Dret a limitaci\u00f3 en el tractament:<\/strong><br\/>Vost\u00e8 t\u00e9 dret a sol\u00b7licitar que G.H.F. Real State S.L limiti el tractament de les seves dades personals en les seg\u00fcents circumst\u00e0ncies:<br\/>* si vost\u00e8 s\u2019oposa al tractament de les seves dades sobre la base de l\u2019inter\u00e8s leg\u00edtim de G.H.F. Real State S.L. G.H.F. Real State S.L haur\u00e0 de limitar qualsevol tractament d\u2019aquestes dades a l\u2019espera de la verificaci\u00f3 de l\u2019inter\u00e8s leg\u00edtim.<br\/>* si vost\u00e8 reclama que les seves dades personals s\u00f3n incorrectes, G.H.F. Real State S.L ha de limitar qualsevol tractament d\u2019aquestes dades fins que es verifiqui la precisi\u00f3 de les mateixes.<br\/>* si el tractament \u00e9s il\u00b7legal, vost\u00e8 podr\u00e0 oposar-se al fet que s\u2019eliminin les dades personals i, en el seu lloc, sol\u00b7licitar la limitaci\u00f3 del seu \u00fas.<br\/>* si G.H.F. Real State S.L ja no necessita les dades personals, per\u00f2 vost\u00e8 els necessita per a la formulaci\u00f3, l\u2019exercici o la defensa de reclamacions.<br\/><strong>Exercici de drets:<\/strong><br\/>Ens prenem seriosament la protecci\u00f3 de dades i, per tant, comptem amb personal de servei al client dedicat que s\u2019ocupa de les seves sol\u00b7licituds en relaci\u00f3 amb els drets abans esmentats. Sempre pot posar-se en contacte amb ells a: gloriahoms@espaisindustrials.es.<\/p>\n","protected":false},"excerpt":{"rendered":"<p>Qui \u00e9s el responsable del tractament de les teves dades personals? G.H.F. Real State S.L \u00e9s el responsable del tractament de les dades personals que vost\u00e8 ens proporciona i es responsabilitza de les referides dades personals d\u2019acord amb la normativa aplicable en mat\u00e8ria de protecci\u00f3 de dades.G.H.F. Real State amb domicili social a Av. Barcelona [&hellip;]<\/p>\n","protected":false},"author":1,"featured_media":0,"parent":0,"menu_order":0,"comment_status":"closed","ping_status":"closed","template":"","meta":{"_monsterinsights_skip_tracking":false,"_monsterinsights_sitenote_active":false,"_monsterinsights_sitenote_note":"","_monsterinsights_sitenote_category":0,"footnotes":""},"class_list":["post-10776","page","type-page","status-publish","hentry"],"aioseo_notices":[],"_links":{"self":[{"href":"https:\/\/espaisindustrials.es\/ca\/wp-json\/wp\/v2\/pages\/10776","targetHints":{"allow":["GET"]}}],"collection":[{"href":"https:\/\/espaisindustrials.es\/ca\/wp-json\/wp\/v2\/pages"}],"about":[{"href":"https:\/\/espaisindustrials.es\/ca\/wp-json\/wp\/v2\/types\/page"}],"author":[{"embeddable":true,"href":"https:\/\/espaisindustrials.es\/ca\/wp-json\/wp\/v2\/users\/1"}],"replies":[{"embeddable":true,"href":"https:\/\/espaisindustrials.es\/ca\/wp-json\/wp\/v2\/comments?post=10776"}],"version-history":[{"count":1,"href":"https:\/\/espaisindustrials.es\/ca\/wp-json\/wp\/v2\/pages\/10776\/revisions"}],"predecessor-version":[{"id":10777,"href":"https:\/\/espaisindustrials.es\/ca\/wp-json\/wp\/v2\/pages\/10776\/revisions\/10777"}],"wp:attachment":[{"href":"https:\/\/espaisindustrials.es\/ca\/wp-json\/wp\/v2\/media?parent=10776"}],"curies":[{"name":"wp","href":"https:\/\/api.w.org\/{rel}","templated":true}]}}